{"id":741,"date":"2025-12-02T22:10:55","date_gmt":"2025-12-02T22:10:55","guid":{"rendered":"https:\/\/evafickova.com\/?page_id=741"},"modified":"2025-12-02T22:10:56","modified_gmt":"2025-12-02T22:10:56","slug":"741-2","status":"publish","type":"page","link":"https:\/\/evafickova.com\/?page_id=741","title":{"rendered":""},"content":{"rendered":"\n<div class=\"wp-block-cover alignfull is-light has-contrast-color has-text-color has-link-color wp-elements-519c5a08341f97a5b639ed2b286996d4\" style=\"margin-top:0;margin-bottom:0;padding-top:var(--wp--preset--spacing--60);padding-right:var(--wp--preset--spacing--50);padding-bottom:var(--wp--preset--spacing--60);padding-left:var(--wp--preset--spacing--50)\"><span aria-hidden=\"true\" class=\"wp-block-cover__background has-base-background-color has-background-dim-100 has-background-dim\"><\/span><div class=\"wp-block-cover__inner-container has-global-padding is-layout-constrained wp-container-core-cover-is-layout-873ee6b1 wp-block-cover-is-layout-constrained\">\n<div class=\"wp-block-columns alignwide is-layout-flex wp-container-core-columns-is-layout-7ee84d44 wp-block-columns-is-layout-flex\">\n<div class=\"wp-block-column is-layout-flow wp-block-column-is-layout-flow\" style=\"flex-basis:65%\">\n<div class=\"wp-block-group is-vertical is-content-justification-stretch is-layout-flex wp-container-core-group-is-layout-353c4f5a wp-block-group-is-layout-flex\">\n<h2 class=\"wp-block-heading has-text-align-left\" style=\"font-size:clamp(8.042rem, 8.042rem + ((1vw - 0.2rem) * 21.895), 22rem);font-style:normal;font-weight:300;letter-spacing:-0.03em;line-height:1.4\">Hej,<\/h2>\n\n\n\n<p class=\"is-style-text-subtitle is-style-text-subtitle--1\">Jag heter Eva Fickova.<\/p>\n\n\n\n<p class=\"is-style-text-subtitle is-style-text-subtitle--2\">I arkitektur s\u00f6ker jag upplevelser, utrymme f\u00f6r humor och stunder av \u00f6verraskning. F\u00f6r mig \u00e4r ett anv\u00e4ndarv\u00e4nligt och v\u00e4lfungerande inneh\u00e5ll viktigare \u00e4n en tilltalande fasad, och viktigare \u00e4n ett monument \u00f6ver arkitekten \u00e4r ett rum som uppmuntrar till m\u00e4nskliga m\u00f6ten. Jag kan redan en del, och det jag \u00e4nnu inte kan erk\u00e4nner jag \u2014 och jag l\u00e4r mig st\u00e4ndigt med entusiasm.<\/p>\n\n\n\n<p class=\"is-style-text-subtitle is-style-text-subtitle--3\">Jag tror att man inte ska skapa arkitektur ensam. Ofta handlar det om \u00e5terv\u00e4ndsgr\u00e4nder och om en process som inte syns i visualiseringarna. Eftersom jag v\u00e4rdes\u00e4tter \u00e4rlighet inom arkitektur f\u00f6rs\u00f6ker jag beskriva ber\u00e4ttelsen om varje projekt s\u00e5 som den faktiskt var.<\/p>\n<\/div>\n<\/div>\n\n\n\n<div class=\"wp-block-column is-layout-flow wp-block-column-is-layout-flow\" style=\"flex-basis:35%\">\n<div class=\"wp-block-group is-vertical is-content-justification-stretch is-nowrap is-layout-flex wp-container-core-group-is-layout-73b0033c wp-block-group-is-layout-flex\">\n<figure class=\"wp-block-image size-full\"><img loading=\"lazy\" decoding=\"async\" width=\"2560\" height=\"1707\" src=\"http:\/\/evafickova.com\/wp-content\/uploads\/2025\/12\/DSC03486-2-scaled.jpg\" alt=\"Eva Fickova\" class=\"wp-image-742\" style=\"aspect-ratio:1;object-fit:cover\" srcset=\"https:\/\/evafickova.com\/wp-content\/uploads\/2025\/12\/DSC03486-2-scaled.jpg 2560w, https:\/\/evafickova.com\/wp-content\/uploads\/2025\/12\/DSC03486-2-300x200.jpg 300w, https:\/\/evafickova.com\/wp-content\/uploads\/2025\/12\/DSC03486-2-1024x683.jpg 1024w, https:\/\/evafickova.com\/wp-content\/uploads\/2025\/12\/DSC03486-2-768x512.jpg 768w, https:\/\/evafickova.com\/wp-content\/uploads\/2025\/12\/DSC03486-2-1536x1024.jpg 1536w, https:\/\/evafickova.com\/wp-content\/uploads\/2025\/12\/DSC03486-2-2048x1365.jpg 2048w\" sizes=\"auto, (max-width: 2560px) 100vw, 2560px\" \/><\/figure>\n\n\n\n<p class=\"has-text-align-right has-x-large-font-size\" style=\"line-height:1.2\"><a href=\"#\">Instagram<\/a><br><a href=\"#\">LinkedIn<\/a><br><a href=\"#\">Now<\/a><\/p>\n<\/div>\n<\/div>\n<\/div>\n<\/div><\/div>\n","protected":false},"excerpt":{"rendered":"","protected":false},"author":1,"featured_media":0,"parent":0,"menu_order":0,"comment_status":"closed","ping_status":"closed","template":"","meta":{"footnotes":""},"class_list":["post-741","page","type-page","status-publish","hentry"],"_links":{"self":[{"href":"https:\/\/evafickova.com\/index.php?rest_route=\/wp\/v2\/pages\/741","targetHints":{"allow":["GET"]}}],"collection":[{"href":"https:\/\/evafickova.com\/index.php?rest_route=\/wp\/v2\/pages"}],"about":[{"href":"https:\/\/evafickova.com\/index.php?rest_route=\/wp\/v2\/types\/page"}],"author":[{"embeddable":true,"href":"https:\/\/evafickova.com\/index.php?rest_route=\/wp\/v2\/users\/1"}],"replies":[{"embeddable":true,"href":"https:\/\/evafickova.com\/index.php?rest_route=%2Fwp%2Fv2%2Fcomments&post=741"}],"version-history":[{"count":1,"href":"https:\/\/evafickova.com\/index.php?rest_route=\/wp\/v2\/pages\/741\/revisions"}],"predecessor-version":[{"id":743,"href":"https:\/\/evafickova.com\/index.php?rest_route=\/wp\/v2\/pages\/741\/revisions\/743"}],"wp:attachment":[{"href":"https:\/\/evafickova.com\/index.php?rest_route=%2Fwp%2Fv2%2Fmedia&parent=741"}],"curies":[{"name":"wp","href":"https:\/\/api.w.org\/{rel}","templated":true}]}}